{"id":17271,"date":"2024-05-23T09:02:29","date_gmt":"2024-05-23T09:02:29","guid":{"rendered":"https:\/\/utbildning-vm.smartretail.com\/?page_id=17271"},"modified":"2024-05-23T09:03:44","modified_gmt":"2024-05-23T09:03:44","slug":"hemsida-testa-en-kurs","status":"publish","type":"page","link":"https:\/\/utbildning-vm.smartretail.com\/?page_id=17271","title":{"rendered":"Hemsida &#8211; Testa en kurs!"},"content":{"rendered":"<p>Hej !<\/p>\n<p>S\u00e5 kul att du vill testa en kurs inom Visual Merchandising.<\/p>\n<p>Vi har en kurs \u00f6ppen f\u00f6r dig, logga in kostnadsfritt med din e-post och utforska f\u00f6rsta kursen inom skyltf\u00f6nster exponering. Tr\u00e4ffa din kursledare Anne och f\u00e5 konkreta verktyg f\u00f6r hur du b\u00f6rja arbeta med exponering i ditt skyltf\u00f6nster.<\/p>\n<p>Vill du veta mer om utbildningen, f\u00e5 offert eller en demo, kontakta oss p\u00e5 info@smartretail.com<\/p>\n<p>Enjoy!<\/p>\n","protected":false},"excerpt":{"rendered":"<p>Hej ! S\u00e5 kul att du vill testa en kurs inom Visual Merchandising. Vi har en kurs \u00f6ppen f\u00f6r dig, logga in kostnadsfritt med din e-post och utforska f\u00f6rsta kursen inom skyltf\u00f6nster exponering. Tr\u00e4ffa din kursledare Anne och f\u00e5 konkreta verktyg f\u00f6r hur du b\u00f6rja arbeta med exponering i ditt skyltf\u00f6nster. Vill du veta mer [&hellip;]<\/p>\n","protected":false},"author":14,"featured_media":0,"parent":12678,"menu_order":0,"comment_status":"closed","ping_status":"closed","template":"template-demo-creation.php","meta":{"_acf_changed":false,"footnotes":""},"class_list":["post-17271","page","type-page","status-publish","hentry"],"acf":[],"_links":{"self":[{"href":"https:\/\/utbildning-vm.smartretail.com\/index.php?rest_route=\/wp\/v2\/pages\/17271","targetHints":{"allow":["GET"]}}],"collection":[{"href":"https:\/\/utbildning-vm.smartretail.com\/index.php?rest_route=\/wp\/v2\/pages"}],"about":[{"href":"https:\/\/utbildning-vm.smartretail.com\/index.php?rest_route=\/wp\/v2\/types\/page"}],"author":[{"embeddable":true,"href":"https:\/\/utbildning-vm.smartretail.com\/index.php?rest_route=\/wp\/v2\/users\/14"}],"replies":[{"embeddable":true,"href":"https:\/\/utbildning-vm.smartretail.com\/index.php?rest_route=%2Fwp%2Fv2%2Fcomments&post=17271"}],"version-history":[{"count":3,"href":"https:\/\/utbildning-vm.smartretail.com\/index.php?rest_route=\/wp\/v2\/pages\/17271\/revisions"}],"predecessor-version":[{"id":17274,"href":"https:\/\/utbildning-vm.smartretail.com\/index.php?rest_route=\/wp\/v2\/pages\/17271\/revisions\/17274"}],"up":[{"embeddable":true,"href":"https:\/\/utbildning-vm.smartretail.com\/index.php?rest_route=\/wp\/v2\/pages\/12678"}],"wp:attachment":[{"href":"https:\/\/utbildning-vm.smartretail.com\/index.php?rest_route=%2Fwp%2Fv2%2Fmedia&parent=17271"}],"curies":[{"name":"wp","href":"https:\/\/api.w.org\/{rel}","templated":true}]}}